{"id":1545,"date":"2022-03-09T15:38:04","date_gmt":"2022-03-09T14:38:04","guid":{"rendered":"https:\/\/bubbleemotion.com\/?page_id=1545"},"modified":"2025-09-08T15:19:44","modified_gmt":"2025-09-08T13:19:44","slug":"bubble-hotel","status":"publish","type":"page","link":"https:\/\/bubbleemotion.com\/fr\/bubble-hotel\/","title":{"rendered":"Bubble Hotel"},"content":{"rendered":"\t\t<div data-elementor-type=\"wp-page\" data-elementor-id=\"1545\" class=\"elementor elementor-1545\">\n\t\t\t\t\t\t<section class=\"elementor-section elementor-top-section elementor-element elementor-element-3de2c54 elementor-section-boxed elementor-section-height-default elementor-section-height-default\" data-id=\"3de2c54\" data-element_type=\"section\" data-settings=\"{&quot;background_background&quot;:&quot;classic&quot;}\">\n\t\t\t\t\t\t\t<div class=\"elementor-background-overlay\"><\/div>\n\t\t\t\t\t\t\t<div class=\"elementor-container elementor-column-gap-default\">\n\t\t\t\t\t<div class=\"elementor-column elementor-col-100 elementor-top-column elementor-element elementor-element-913e41c\" data-id=\"913e41c\" data-element_type=\"column\">\n\t\t\t<div class=\"elementor-widget-wrap elementor-element-populated\">\n\t\t\t\t\t\t<div class=\"elementor-element elementor-element-912e851 elementor-widget elementor-widget-spacer\" data-id=\"912e851\" data-element_type=\"widget\" data-widget_type=\"spacer.default\">\n\t\t\t\t<div class=\"elementor-widget-container\">\n\t\t\t\t\t<div class=\"elementor-spacer\">\n\t\t\t<div class=\"elementor-spacer-inner\"><\/div>\n\t\t<\/div>\n\t\t\t\t<\/div>\n\t\t\t\t<\/div>\n\t\t\t\t<div class=\"elementor-element elementor-element-e6ab253 elementor-widget elementor-widget-heading\" data-id=\"e6ab253\" data-element_type=\"widget\" data-widget_type=\"heading.default\">\n\t\t\t\t<div class=\"elementor-widget-container\">\n\t\t\t<h1 class=\"elementor-heading-title elementor-size-default\">Bubble Hotel<\/h1>\t\t<\/div>\n\t\t\t\t<\/div>\n\t\t\t\t<div class=\"elementor-element elementor-element-80a798c elementor-widget elementor-widget-spacer\" data-id=\"80a798c\" data-element_type=\"widget\" data-widget_type=\"spacer.default\">\n\t\t\t\t<div class=\"elementor-widget-container\">\n\t\t\t\t\t<div class=\"elementor-spacer\">\n\t\t\t<div class=\"elementor-spacer-inner\"><\/div>\n\t\t<\/div>\n\t\t\t\t<\/div>\n\t\t\t\t<\/div>\n\t\t\t\t\t<\/div>\n\t\t<\/div>\n\t\t\t\t\t<\/div>\n\t\t<\/section>\n\t\t\t\t<section class=\"elementor-section elementor-top-section elementor-element elementor-element-8896031 elementor-section-boxed elementor-section-height-default elementor-section-height-default\" data-id=\"8896031\" data-element_type=\"section\">\n\t\t\t\t\t\t<div class=\"elementor-container elementor-column-gap-default\">\n\t\t\t\t\t<div class=\"elementor-column elementor-col-100 elementor-top-column elementor-element elementor-element-d0ad438\" data-id=\"d0ad438\" data-element_type=\"column\">\n\t\t\t<div class=\"elementor-widget-wrap elementor-element-populated\">\n\t\t\t\t\t\t<div class=\"elementor-element elementor-element-5ebc7e5 elementor-widget elementor-widget-spacer\" data-id=\"5ebc7e5\" data-element_type=\"widget\" data-widget_type=\"spacer.default\">\n\t\t\t\t<div class=\"elementor-widget-container\">\n\t\t\t\t\t<div class=\"elementor-spacer\">\n\t\t\t<div class=\"elementor-spacer-inner\"><\/div>\n\t\t<\/div>\n\t\t\t\t<\/div>\n\t\t\t\t<\/div>\n\t\t\t\t<div class=\"elementor-element elementor-element-d33b531 elementor-widget elementor-widget-heading\" data-id=\"d33b531\" data-element_type=\"widget\" data-widget_type=\"heading.default\">\n\t\t\t\t<div class=\"elementor-widget-container\">\n\t\t\t<h2 class=\"elementor-heading-title elementor-size-default\">\nChoisissez avec soin le Bubble Hotel pour passer une nuit inoubliable<\/h2>\t\t<\/div>\n\t\t\t\t<\/div>\n\t\t\t\t<div class=\"elementor-element elementor-element-dc013fb elementor-widget elementor-widget-spacer\" data-id=\"dc013fb\" data-element_type=\"widget\" data-widget_type=\"spacer.default\">\n\t\t\t\t<div class=\"elementor-widget-container\">\n\t\t\t\t\t<div class=\"elementor-spacer\">\n\t\t\t<div class=\"elementor-spacer-inner\"><\/div>\n\t\t<\/div>\n\t\t\t\t<\/div>\n\t\t\t\t<\/div>\n\t\t\t\t\t<\/div>\n\t\t<\/div>\n\t\t\t\t\t<\/div>\n\t\t<\/section>\n\t\t\t\t<section class=\"elementor-section elementor-top-section elementor-element elementor-element-fdfe0f8 elementor-section-boxed elementor-section-height-default elementor-section-height-default\" data-id=\"fdfe0f8\" data-element_type=\"section\">\n\t\t\t\t\t\t<div class=\"elementor-container elementor-column-gap-default\">\n\t\t\t\t\t<div class=\"elementor-column elementor-col-100 elementor-top-column elementor-element elementor-element-7b28751\" data-id=\"7b28751\" data-element_type=\"column\">\n\t\t\t<div class=\"elementor-widget-wrap elementor-element-populated\">\n\t\t\t\t\t\t<div class=\"elementor-element elementor-element-3e85476 align_text_custom elementor-widget elementor-widget-themo-accommodation-grid\" data-id=\"3e85476\" data-element_type=\"widget\" data-widget_type=\"themo-accommodation-grid.default\">\n\t\t\t\t<div class=\"elementor-widget-container\">\n\t\t\t\n                <div id=\"th-portfolio-content-69f1334e24f88\" class=\"th-portfolio\">\n\n            \n            <div id=\"th-portfolio-row\" class=\"th-portfolio-row row portfolio_content  three-columns th-port-gutter\">\n\n                                        <div id=\"post-1649\" class=\"th-portfolio-item item col-md-4 col-sm-6 p-bubble-hotel-fr post-1649 mphb_room_type type-mphb_room_type status-publish format-standard has-post-thumbnail hentry mphb_room_type_category-bubble-hotel-fr mphb-room-type-adults-2 mphb-room-type-children-2\">\n\n                                                        <div class=\"th-port-wrap\">\n                                                            <img fetchpriority=\"high\" decoding=\"async\" width=\"605\" height=\"605\" src=\"https:\/\/bubbleemotion.com\/wp-content\/uploads\/2021\/04\/2505281754LBolle_Y2A8382-min-1-605x605.jpg\" class=\"img-responsive th-port-img wp-post-image\" alt=\"\" \/>                                                                <div class=\"th-port-overlay\"><\/div>\n                                <div class=\"th-port-inner\">\n                                                                        <div class=\"th-port-center\">\n                                        <h3 class=\"th-port-title\">Bubble Suite Antares<\/h3>\n                                        <p class=\"th-port-sub th-else\">2 personnes<\/p>\n                                        <div class=\"th-pricing-cost\">Ligurie - Badalucco (Sanremo)<\/div>\n                                                                            <\/div>\n                                    <a href=\"https:\/\/bubbleemotion.com\/fr\/accommodation\/bubble-suite-antares\/\" class=\"th-port-link\" ><\/a>                                <\/div>\n                            <\/div>\n                                                    <\/div>\n                                                <div id=\"post-2362\" class=\"th-portfolio-item item col-md-4 col-sm-6 p-bubble-hotel p-bubble-hotel-fr post-2362 mphb_room_type type-mphb_room_type status-publish format-standard has-post-thumbnail hentry mphb_room_type_category-bubble-hotel mphb_room_type_category-bubble-hotel-fr mphb-room-type-adults-2 mphb-room-type-children-2\">\n\n                                                        <div class=\"th-port-wrap\">\n                                                            <img decoding=\"async\" width=\"605\" height=\"605\" src=\"https:\/\/bubbleemotion.com\/wp-content\/uploads\/2025\/03\/2506182142EBubble__MG_8661-min-605x605.jpg\" class=\"img-responsive th-port-img wp-post-image\" alt=\"\" \/>                                                                <div class=\"th-port-overlay\"><\/div>\n                                <div class=\"th-port-inner\">\n                                                                        <div class=\"th-port-center\">\n                                        <h3 class=\"th-port-title\">Bubble Suite Pegasus Blue<\/h3>\n                                        <p class=\"th-port-sub th-else\">2 personnes<\/p>\n                                        <div class=\"th-pricing-cost\">Liguria - Ameglia (La Spezia)<\/div>\n                                                                            <\/div>\n                                    <a href=\"https:\/\/bubbleemotion.com\/fr\/accommodation\/bubble-suite-pegasus-blue\/\" class=\"th-port-link\" ><\/a>                                <\/div>\n                            <\/div>\n                                                    <\/div>\n                        \n            <\/div>\n\n        <\/div>\n\n        \t\t<\/div>\n\t\t\t\t<\/div>\n\t\t\t\t\t<\/div>\n\t\t<\/div>\n\t\t\t\t\t<\/div>\n\t\t<\/section>\n\t\t\t\t<\/div>\n\t\t","protected":false},"excerpt":{"rendered":"<p>Bubble Hotel Choisissez\u2026<\/p>\n","protected":false},"author":1,"featured_media":0,"parent":0,"menu_order":0,"comment_status":"closed","ping_status":"closed","template":"","meta":{"footnotes":""},"class_list":["post-1545","page","type-page","status-publish","hentry"],"yoast_head":"<!-- This site is optimized with the Yoast SEO plugin v23.9 - https:\/\/yoast.com\/wordpress\/plugins\/seo\/ -->\n<title>Bubble Hotel - Vivez une nuit magique dans les meilleurs Bubble Hotels<\/title>\n<meta name=\"description\" content=\"Les meilleurs Bubble Hotel d&#039;Italie. Dans le Pi\u00e9mont, la Lombardie et la Ligurie pour vivre le r\u00eave d&#039;une nuit sous les \u00e9toiles. Un souvenir qui dure pour toujours\" \/>\n<meta name=\"robots\" content=\"index, follow, max-snippet:-1, max-image-preview:large, max-video-preview:-1\" \/>\n<link rel=\"canonical\" href=\"https:\/\/bubbleemotion.com\/bubble-hotel\/\" \/>\n<meta property=\"og:locale\" content=\"fr_FR\" \/>\n<meta property=\"og:type\" content=\"article\" \/>\n<meta property=\"og:title\" content=\"Bubble Hotel - Vivez une nuit magique dans les meilleurs Bubble Hotels\" \/>\n<meta property=\"og:description\" content=\"Les meilleurs Bubble Hotel d&#039;Italie. Dans le Pi\u00e9mont, la Lombardie et la Ligurie pour vivre le r\u00eave d&#039;une nuit sous les \u00e9toiles. Un souvenir qui dure pour toujours\" \/>\n<meta property=\"og:url\" content=\"https:\/\/bubbleemotion.com\/bubble-hotel\/\" \/>\n<meta property=\"og:site_name\" content=\"Bubble Emotion\" \/>\n<meta property=\"article:modified_time\" content=\"2025-09-08T13:19:44+00:00\" \/>\n<meta property=\"og:image\" content=\"https:\/\/bubbleemotion.com\/wp-content\/uploads\/2020\/06\/2005251831LBUBBLE__MG_4561-605x605.jpg\" \/>\n<meta name=\"twitter:card\" content=\"summary_large_image\" \/>\n<meta name=\"twitter:label1\" content=\"Dur\u00e9e de lecture estim\u00e9e\" \/>\n\t<meta name=\"twitter:data1\" content=\"2 minutes\" \/>\n<script type=\"application\/ld+json\" class=\"yoast-schema-graph\">{\"@context\":\"https:\/\/schema.org\",\"@graph\":[{\"@type\":\"WebPage\",\"@id\":\"https:\/\/bubbleemotion.com\/fr\/bubble-hotel\/\",\"url\":\"https:\/\/bubbleemotion.com\/bubble-hotel\/\",\"name\":\"Bubble Hotel - Vivez une nuit magique dans les meilleurs Bubble Hotels\",\"isPartOf\":{\"@id\":\"https:\/\/bubbleemotion.com\/#website\"},\"primaryImageOfPage\":{\"@id\":\"https:\/\/bubbleemotion.com\/bubble-hotel\/#primaryimage\"},\"image\":{\"@id\":\"https:\/\/bubbleemotion.com\/bubble-hotel\/#primaryimage\"},\"thumbnailUrl\":\"https:\/\/bubbleemotion.com\/wp-content\/uploads\/2020\/06\/2005251831LBUBBLE__MG_4561-605x605.jpg\",\"datePublished\":\"2022-03-09T14:38:04+00:00\",\"dateModified\":\"2025-09-08T13:19:44+00:00\",\"description\":\"Les meilleurs Bubble Hotel d'Italie. Dans le Pi\u00e9mont, la Lombardie et la Ligurie pour vivre le r\u00eave d'une nuit sous les \u00e9toiles. Un souvenir qui dure pour toujours\",\"breadcrumb\":{\"@id\":\"https:\/\/bubbleemotion.com\/bubble-hotel\/#breadcrumb\"},\"inLanguage\":\"fr-FR\",\"potentialAction\":[{\"@type\":\"ReadAction\",\"target\":[\"https:\/\/bubbleemotion.com\/bubble-hotel\/\"]}]},{\"@type\":\"ImageObject\",\"inLanguage\":\"fr-FR\",\"@id\":\"https:\/\/bubbleemotion.com\/bubble-hotel\/#primaryimage\",\"url\":\"https:\/\/bubbleemotion.com\/wp-content\/uploads\/2020\/06\/2005251831LBUBBLE__MG_4561-605x605.jpg\",\"contentUrl\":\"https:\/\/bubbleemotion.com\/wp-content\/uploads\/2020\/06\/2005251831LBUBBLE__MG_4561-605x605.jpg\"},{\"@type\":\"BreadcrumbList\",\"@id\":\"https:\/\/bubbleemotion.com\/bubble-hotel\/#breadcrumb\",\"itemListElement\":[{\"@type\":\"ListItem\",\"position\":1,\"name\":\"Home\",\"item\":\"https:\/\/bubbleemotion.com\/\"},{\"@type\":\"ListItem\",\"position\":2,\"name\":\"Bubble Hotel\"}]},{\"@type\":\"WebSite\",\"@id\":\"https:\/\/bubbleemotion.com\/#website\",\"url\":\"https:\/\/bubbleemotion.com\/\",\"name\":\"Bubble Emotion\",\"description\":\"Un ricordo che dura per sempre\",\"publisher\":{\"@id\":\"https:\/\/bubbleemotion.com\/#organization\"},\"potentialAction\":[{\"@type\":\"SearchAction\",\"target\":{\"@type\":\"EntryPoint\",\"urlTemplate\":\"https:\/\/bubbleemotion.com\/?s={search_term_string}\"},\"query-input\":{\"@type\":\"PropertyValueSpecification\",\"valueRequired\":true,\"valueName\":\"search_term_string\"}}],\"inLanguage\":\"fr-FR\"},{\"@type\":\"Organization\",\"@id\":\"https:\/\/bubbleemotion.com\/#organization\",\"name\":\"Bubble Emotion\",\"url\":\"https:\/\/bubbleemotion.com\/\",\"logo\":{\"@type\":\"ImageObject\",\"inLanguage\":\"fr-FR\",\"@id\":\"https:\/\/bubbleemotion.com\/#\/schema\/logo\/image\/\",\"url\":\"https:\/\/bubbleemotion.com\/wp-content\/uploads\/2021\/04\/android-chrome-512x512-1.png\",\"contentUrl\":\"https:\/\/bubbleemotion.com\/wp-content\/uploads\/2021\/04\/android-chrome-512x512-1.png\",\"width\":512,\"height\":512,\"caption\":\"Bubble Emotion\"},\"image\":{\"@id\":\"https:\/\/bubbleemotion.com\/#\/schema\/logo\/image\/\"}}]}<\/script>\n<!-- \/ Yoast SEO plugin. -->","yoast_head_json":{"title":"Bubble Hotel - Vivez une nuit magique dans les meilleurs Bubble Hotels","description":"Les meilleurs Bubble Hotel d'Italie. Dans le Pi\u00e9mont, la Lombardie et la Ligurie pour vivre le r\u00eave d'une nuit sous les \u00e9toiles. Un souvenir qui dure pour toujours","robots":{"index":"index","follow":"follow","max-snippet":"max-snippet:-1","max-image-preview":"max-image-preview:large","max-video-preview":"max-video-preview:-1"},"canonical":"https:\/\/bubbleemotion.com\/bubble-hotel\/","og_locale":"fr_FR","og_type":"article","og_title":"Bubble Hotel - Vivez une nuit magique dans les meilleurs Bubble Hotels","og_description":"Les meilleurs Bubble Hotel d'Italie. Dans le Pi\u00e9mont, la Lombardie et la Ligurie pour vivre le r\u00eave d'une nuit sous les \u00e9toiles. Un souvenir qui dure pour toujours","og_url":"https:\/\/bubbleemotion.com\/bubble-hotel\/","og_site_name":"Bubble Emotion","article_modified_time":"2025-09-08T13:19:44+00:00","og_image":[{"url":"https:\/\/bubbleemotion.com\/wp-content\/uploads\/2020\/06\/2005251831LBUBBLE__MG_4561-605x605.jpg"}],"twitter_card":"summary_large_image","twitter_misc":{"Dur\u00e9e de lecture estim\u00e9e":"2 minutes"},"schema":{"@context":"https:\/\/schema.org","@graph":[{"@type":"WebPage","@id":"https:\/\/bubbleemotion.com\/fr\/bubble-hotel\/","url":"https:\/\/bubbleemotion.com\/bubble-hotel\/","name":"Bubble Hotel - Vivez une nuit magique dans les meilleurs Bubble Hotels","isPartOf":{"@id":"https:\/\/bubbleemotion.com\/#website"},"primaryImageOfPage":{"@id":"https:\/\/bubbleemotion.com\/bubble-hotel\/#primaryimage"},"image":{"@id":"https:\/\/bubbleemotion.com\/bubble-hotel\/#primaryimage"},"thumbnailUrl":"https:\/\/bubbleemotion.com\/wp-content\/uploads\/2020\/06\/2005251831LBUBBLE__MG_4561-605x605.jpg","datePublished":"2022-03-09T14:38:04+00:00","dateModified":"2025-09-08T13:19:44+00:00","description":"Les meilleurs Bubble Hotel d'Italie. Dans le Pi\u00e9mont, la Lombardie et la Ligurie pour vivre le r\u00eave d'une nuit sous les \u00e9toiles. Un souvenir qui dure pour toujours","breadcrumb":{"@id":"https:\/\/bubbleemotion.com\/bubble-hotel\/#breadcrumb"},"inLanguage":"fr-FR","potentialAction":[{"@type":"ReadAction","target":["https:\/\/bubbleemotion.com\/bubble-hotel\/"]}]},{"@type":"ImageObject","inLanguage":"fr-FR","@id":"https:\/\/bubbleemotion.com\/bubble-hotel\/#primaryimage","url":"https:\/\/bubbleemotion.com\/wp-content\/uploads\/2020\/06\/2005251831LBUBBLE__MG_4561-605x605.jpg","contentUrl":"https:\/\/bubbleemotion.com\/wp-content\/uploads\/2020\/06\/2005251831LBUBBLE__MG_4561-605x605.jpg"},{"@type":"BreadcrumbList","@id":"https:\/\/bubbleemotion.com\/bubble-hotel\/#breadcrumb","itemListElement":[{"@type":"ListItem","position":1,"name":"Home","item":"https:\/\/bubbleemotion.com\/"},{"@type":"ListItem","position":2,"name":"Bubble Hotel"}]},{"@type":"WebSite","@id":"https:\/\/bubbleemotion.com\/#website","url":"https:\/\/bubbleemotion.com\/","name":"Bubble Emotion","description":"Un ricordo che dura per sempre","publisher":{"@id":"https:\/\/bubbleemotion.com\/#organization"},"potentialAction":[{"@type":"SearchAction","target":{"@type":"EntryPoint","urlTemplate":"https:\/\/bubbleemotion.com\/?s={search_term_string}"},"query-input":{"@type":"PropertyValueSpecification","valueRequired":true,"valueName":"search_term_string"}}],"inLanguage":"fr-FR"},{"@type":"Organization","@id":"https:\/\/bubbleemotion.com\/#organization","name":"Bubble Emotion","url":"https:\/\/bubbleemotion.com\/","logo":{"@type":"ImageObject","inLanguage":"fr-FR","@id":"https:\/\/bubbleemotion.com\/#\/schema\/logo\/image\/","url":"https:\/\/bubbleemotion.com\/wp-content\/uploads\/2021\/04\/android-chrome-512x512-1.png","contentUrl":"https:\/\/bubbleemotion.com\/wp-content\/uploads\/2021\/04\/android-chrome-512x512-1.png","width":512,"height":512,"caption":"Bubble Emotion"},"image":{"@id":"https:\/\/bubbleemotion.com\/#\/schema\/logo\/image\/"}}]}},"_links":{"self":[{"href":"https:\/\/bubbleemotion.com\/fr\/wp-json\/wp\/v2\/pages\/1545","targetHints":{"allow":["GET"]}}],"collection":[{"href":"https:\/\/bubbleemotion.com\/fr\/wp-json\/wp\/v2\/pages"}],"about":[{"href":"https:\/\/bubbleemotion.com\/fr\/wp-json\/wp\/v2\/types\/page"}],"author":[{"embeddable":true,"href":"https:\/\/bubbleemotion.com\/fr\/wp-json\/wp\/v2\/users\/1"}],"replies":[{"embeddable":true,"href":"https:\/\/bubbleemotion.com\/fr\/wp-json\/wp\/v2\/comments?post=1545"}],"version-history":[{"count":4,"href":"https:\/\/bubbleemotion.com\/fr\/wp-json\/wp\/v2\/pages\/1545\/revisions"}],"predecessor-version":[{"id":3152,"href":"https:\/\/bubbleemotion.com\/fr\/wp-json\/wp\/v2\/pages\/1545\/revisions\/3152"}],"wp:attachment":[{"href":"https:\/\/bubbleemotion.com\/fr\/wp-json\/wp\/v2\/media?parent=1545"}],"curies":[{"name":"wp","href":"https:\/\/api.w.org\/{rel}","templated":true}]}}