{"id":1079,"date":"2021-10-04T20:13:20","date_gmt":"2021-10-04T18:13:20","guid":{"rendered":"https:\/\/bubbleemotion.com\/?page_id=1079"},"modified":"2021-10-11T17:46:19","modified_gmt":"2021-10-11T15:46:19","slug":"regolamento-concorso","status":"publish","type":"page","link":"https:\/\/bubbleemotion.com\/en\/regolamento-concorso\/","title":{"rendered":"Regolamento Concorso"},"content":{"rendered":"\t\t<div data-elementor-type=\"wp-page\" data-elementor-id=\"1079\" class=\"elementor elementor-1079\">\n\t\t\t\t\t\t<section class=\"elementor-section elementor-top-section elementor-element elementor-element-3de2c54 elementor-section-boxed elementor-section-height-default elementor-section-height-default\" data-id=\"3de2c54\" data-element_type=\"section\" data-settings=\"{&quot;background_background&quot;:&quot;classic&quot;}\">\n\t\t\t\t\t\t\t<div class=\"elementor-background-overlay\"><\/div>\n\t\t\t\t\t\t\t<div class=\"elementor-container elementor-column-gap-default\">\n\t\t\t\t\t<div class=\"elementor-column elementor-col-100 elementor-top-column elementor-element elementor-element-913e41c\" data-id=\"913e41c\" data-element_type=\"column\">\n\t\t\t<div class=\"elementor-widget-wrap elementor-element-populated\">\n\t\t\t\t\t\t<div class=\"elementor-element elementor-element-912e851 elementor-widget elementor-widget-spacer\" data-id=\"912e851\" data-element_type=\"widget\" data-widget_type=\"spacer.default\">\n\t\t\t\t<div class=\"elementor-widget-container\">\n\t\t\t\t\t<div class=\"elementor-spacer\">\n\t\t\t<div class=\"elementor-spacer-inner\"><\/div>\n\t\t<\/div>\n\t\t\t\t<\/div>\n\t\t\t\t<\/div>\n\t\t\t\t<div class=\"elementor-element elementor-element-e6ab253 elementor-widget elementor-widget-heading\" data-id=\"e6ab253\" data-element_type=\"widget\" data-widget_type=\"heading.default\">\n\t\t\t\t<div class=\"elementor-widget-container\">\n\t\t\t<h1 class=\"elementor-heading-title elementor-size-default\">Regolamento Concorso<\/h1>\t\t<\/div>\n\t\t\t\t<\/div>\n\t\t\t\t<div class=\"elementor-element elementor-element-80a798c elementor-widget elementor-widget-spacer\" data-id=\"80a798c\" data-element_type=\"widget\" data-widget_type=\"spacer.default\">\n\t\t\t\t<div class=\"elementor-widget-container\">\n\t\t\t\t\t<div class=\"elementor-spacer\">\n\t\t\t<div class=\"elementor-spacer-inner\"><\/div>\n\t\t<\/div>\n\t\t\t\t<\/div>\n\t\t\t\t<\/div>\n\t\t\t\t\t<\/div>\n\t\t<\/div>\n\t\t\t\t\t<\/div>\n\t\t<\/section>\n\t\t\t\t<section class=\"elementor-section elementor-top-section elementor-element elementor-element-8896031 elementor-section-boxed elementor-section-height-default elementor-section-height-default\" data-id=\"8896031\" data-element_type=\"section\">\n\t\t\t\t\t\t<div class=\"elementor-container elementor-column-gap-default\">\n\t\t\t\t\t<div class=\"elementor-column elementor-col-100 elementor-top-column elementor-element elementor-element-d0ad438\" data-id=\"d0ad438\" data-element_type=\"column\">\n\t\t\t<div class=\"elementor-widget-wrap elementor-element-populated\">\n\t\t\t\t\t\t<div class=\"elementor-element elementor-element-5ebc7e5 elementor-widget elementor-widget-spacer\" data-id=\"5ebc7e5\" data-element_type=\"widget\" data-widget_type=\"spacer.default\">\n\t\t\t\t<div class=\"elementor-widget-container\">\n\t\t\t\t\t<div class=\"elementor-spacer\">\n\t\t\t<div class=\"elementor-spacer-inner\"><\/div>\n\t\t<\/div>\n\t\t\t\t<\/div>\n\t\t\t\t<\/div>\n\t\t\t\t<div class=\"elementor-element elementor-element-d33b531 elementor-widget elementor-widget-heading\" data-id=\"d33b531\" data-element_type=\"widget\" data-widget_type=\"heading.default\">\n\t\t\t\t<div class=\"elementor-widget-container\">\n\t\t\t<h2 class=\"elementor-heading-title elementor-size-default\">Vinci una notte sotto le stelle<\/h2>\t\t<\/div>\n\t\t\t\t<\/div>\n\t\t\t\t\t<\/div>\n\t\t<\/div>\n\t\t\t\t\t<\/div>\n\t\t<\/section>\n\t\t\t\t<section class=\"elementor-section elementor-top-section elementor-element elementor-element-541e54e elementor-section-boxed elementor-section-height-default elementor-section-height-default\" data-id=\"541e54e\" data-element_type=\"section\">\n\t\t\t\t\t\t<div class=\"elementor-container elementor-column-gap-default\">\n\t\t\t\t\t<div class=\"elementor-column elementor-col-100 elementor-top-column elementor-element elementor-element-286ff9f\" data-id=\"286ff9f\" data-element_type=\"column\">\n\t\t\t<div class=\"elementor-widget-wrap elementor-element-populated\">\n\t\t\t\t\t\t<div class=\"elementor-element elementor-element-6efd927 th-btn-align-center elementor-widget elementor-widget-themo-button\" data-id=\"6efd927\" data-element_type=\"widget\" data-widget_type=\"themo-button.default\">\n\t\t\t\t<div class=\"elementor-widget-container\">\n\t\t\t\n                \t\t\t<a class=\"btn-1 btn th-btn btn-standard-primary\" href=\"https:\/\/instagram.com\/bubbleemotion\">\n\t\t\t\t\t\t\t\t\tPartecipa subito!\t\t\t\t\t\t\t<\/a>\n\t\t\n        \n\t\t\t\t<\/div>\n\t\t\t\t<\/div>\n\t\t\t\t\t<\/div>\n\t\t<\/div>\n\t\t\t\t\t<\/div>\n\t\t<\/section>\n\t\t\t\t<section class=\"elementor-section elementor-top-section elementor-element elementor-element-9305566 elementor-section-boxed elementor-section-height-default elementor-section-height-default\" data-id=\"9305566\" data-element_type=\"section\">\n\t\t\t\t\t\t<div class=\"elementor-container elementor-column-gap-default\">\n\t\t\t\t\t<div class=\"elementor-column elementor-col-100 elementor-top-column elementor-element elementor-element-31911f9\" data-id=\"31911f9\" data-element_type=\"column\">\n\t\t\t<div class=\"elementor-widget-wrap elementor-element-populated\">\n\t\t\t\t\t\t<div class=\"elementor-element elementor-element-9680cc6 elementor-widget elementor-widget-heading\" data-id=\"9680cc6\" data-element_type=\"widget\" data-widget_type=\"heading.default\">\n\t\t\t\t<div class=\"elementor-widget-container\">\n\t\t\t<h2 class=\"elementor-heading-title elementor-size-default\">Regolamento<\/h2>\t\t<\/div>\n\t\t\t\t<\/div>\n\t\t\t\t\t<\/div>\n\t\t<\/div>\n\t\t\t\t\t<\/div>\n\t\t<\/section>\n\t\t\t\t<section class=\"elementor-section elementor-top-section elementor-element elementor-element-8282b35 elementor-section-boxed elementor-section-height-default elementor-section-height-default\" data-id=\"8282b35\" data-element_type=\"section\">\n\t\t\t\t\t\t<div class=\"elementor-container elementor-column-gap-default\">\n\t\t\t\t\t<div class=\"elementor-column elementor-col-100 elementor-top-column elementor-element elementor-element-cd5cb89\" data-id=\"cd5cb89\" data-element_type=\"column\">\n\t\t\t<div class=\"elementor-widget-wrap elementor-element-populated\">\n\t\t\t\t\t\t<div class=\"elementor-element elementor-element-8624f39 elementor-widget elementor-widget-text-editor\" data-id=\"8624f39\" data-element_type=\"widget\" data-widget_type=\"text-editor.default\">\n\t\t\t\t<div class=\"elementor-widget-container\">\n\t\t\t\t\t\t\t<p><b><\/b><span class=\"s2\"><b>1. PARTECIPANTI<\/b><\/span><\/p><p class=\"p1\"><span class=\"s2\">Al Concorso possono prendere parte solo le persone che hanno messo \u2018\u2019FOLLOW\u2019\u2019 alla pagina Instagram di BUBBLE EMOTION.<\/span><\/p><p><b><\/b><span class=\"s2\"><b>2. DURATA<\/b><\/span><\/p><p class=\"p1\"><span class=\"s2\">La durata del concorso \u00e8 fino al 31 Ottobre 2021.<\/span><\/p><p><b><\/b><span class=\"s2\"><b>3. REGOLAMENTO<\/b><\/span><\/p><p class=\"p1\"><span class=\"s1\">Per partecipare baster\u00e0 pubblicare su Instagram una IG stories con questi requisiti:<\/span><\/p><ul class=\"ul1\"><li class=\"li1\"><span class=\"s1\">tag della pagina ufficiale di Bubble Emotion (@bubbleemotion);<\/span><\/li><li class=\"li1\"><span class=\"s1\">una foto delle nostre Bubble;<\/span><\/li><li class=\"li1\"><span class=\"s1\">una frase con la motivazione per cui si vorrebbe trascorrere una magica notte in una delle nostre strutture. La frase dovr\u00e0 cominciare con \u2018\u2019Vorrei passare una notte in una Bubble Suite perch\u00e8\u2026\u2019\u2019.<\/span><\/li><\/ul><p class=\"p1\"><span class=\"s1\">La nostra giuria sceglier\u00e0 i migliori 8 sulla base dell\u2019originalit\u00e0 della risposta e poi sar\u00e0 la community di IG stesso, tramite il meccanismo del sondaggio, a scegliere il vincitore di ogni 1vs1 fino ad arrivare alla finale.<\/span><\/p><p class=\"p1\"><span class=\"s1\">Il vincitore ricever\u00e0 un VOUCHER valevole fino ad Aprile 2022, che gli dar\u00e0 diritto a prenotare una notte nella Bubble Suite Sirio a Borgo Ticino (NO) insieme ad una persona a sua scelta nei giorni tra il luned\u00ec e il gioved\u00ec.<\/span><\/p><p><b><\/b><span class=\"s2\"><b>4. PRIVACY<\/b><\/span><\/p><p class=\"p1\"><span class=\"s2\">Partecipando al concorso si acconsente all\u2019utilizzo da parte di Bubble Emotion del proprio \u2018\u2019nome Instagram\u2019\u2019 e del contenuto \u2018\u2019IG stories\u2019\u2019 pubblicato per partecipare, per permettere di mostrare agli altri utenti il suddetto contenuto e permettere loro di votare il preferito nei sondaggi 1vs1.<\/span><\/p><p><b><\/b><span class=\"s2\"><b>5. RISCOSSIONE DEL PREMIO<\/b><\/span><\/p><p class=\"p1\"><span class=\"s2\">Il vincitore alla fine del concorso dovr\u00e0 inviare a Bubble Emotion un indirizzo email in cui ricever\u00e0 il suo VOUCHER utilizzabile fino ad Aprile 2022 in un giorno della settimana tra il luned\u00ec e il gioved\u00ec.<\/span><\/p>\t\t\t\t\t\t<\/div>\n\t\t\t\t<\/div>\n\t\t\t\t\t<\/div>\n\t\t<\/div>\n\t\t\t\t\t<\/div>\n\t\t<\/section>\n\t\t\t\t<section class=\"elementor-section elementor-top-section elementor-element elementor-element-6f785e5 elementor-section-boxed elementor-section-height-default elementor-section-height-default\" data-id=\"6f785e5\" data-element_type=\"section\">\n\t\t\t\t\t\t<div class=\"elementor-container elementor-column-gap-default\">\n\t\t\t\t\t<div class=\"elementor-column elementor-col-100 elementor-top-column elementor-element elementor-element-13f4ff7\" data-id=\"13f4ff7\" data-element_type=\"column\">\n\t\t\t<div class=\"elementor-widget-wrap elementor-element-populated\">\n\t\t\t\t\t\t<div class=\"elementor-element elementor-element-00dfa8f th-btn-align-center elementor-widget elementor-widget-themo-button\" data-id=\"00dfa8f\" data-element_type=\"widget\" data-widget_type=\"themo-button.default\">\n\t\t\t\t<div class=\"elementor-widget-container\">\n\t\t\t\n                \t\t\t<a class=\"btn-1 btn th-btn btn-standard-primary\" href=\"https:\/\/instagram.com\/bubbleemotion\">\n\t\t\t\t\t\t\t\t\tPartecipa\t\t\t\t\t\t\t<\/a>\n\t\t\n        \n\t\t\t\t<\/div>\n\t\t\t\t<\/div>\n\t\t\t\t\t<\/div>\n\t\t<\/div>\n\t\t\t\t\t<\/div>\n\t\t<\/section>\n\t\t\t\t<\/div>\n\t\t","protected":false},"excerpt":{"rendered":"<p>Regolamento Concorso Vinci una notte sotto le stelle Partecipa subito! Regolamento 1. PARTECIPANTIAl Concorso possono prendere parte solo le persone che hanno messo \u2018\u2019FOLLOW\u2019\u2019 alla pagina Instagram di BUBBLE EMOTION.2. DURATALa durata del concorso \u00e8 fino al 31 Ottobre 2021.3. &hellip; <a href=\"https:\/\/bubbleemotion.com\/en\/regolamento-concorso\/\">Read More<\/a><\/p>\n","protected":false},"author":1,"featured_media":0,"parent":0,"menu_order":0,"comment_status":"closed","ping_status":"closed","template":"","meta":{"footnotes":""},"class_list":["post-1079","page","type-page","status-publish","hentry"],"yoast_head":"<!-- This site is optimized with the Yoast SEO plugin v23.9 - https:\/\/yoast.com\/wordpress\/plugins\/seo\/ -->\n<title>Regolamento Concorso - Bubble Emotion<\/title>\n<meta name=\"robots\" content=\"index, follow, max-snippet:-1, max-image-preview:large, max-video-preview:-1\" \/>\n<link rel=\"canonical\" href=\"https:\/\/bubbleemotion.com\/regolamento-concorso\/\" \/>\n<meta property=\"og:locale\" content=\"en_US\" \/>\n<meta property=\"og:type\" content=\"article\" \/>\n<meta property=\"og:title\" content=\"Regolamento Concorso - Bubble Emotion\" \/>\n<meta property=\"og:description\" content=\"Regolamento Concorso Vinci una notte sotto le stelle Partecipa subito! Regolamento 1. PARTECIPANTIAl Concorso possono prendere parte solo le persone che hanno messo \u2018\u2019FOLLOW\u2019\u2019 alla pagina Instagram di BUBBLE EMOTION.2. DURATALa durata del concorso \u00e8 fino al 31 Ottobre 2021.3. &hellip; Read More\" \/>\n<meta property=\"og:url\" content=\"https:\/\/bubbleemotion.com\/regolamento-concorso\/\" \/>\n<meta property=\"og:site_name\" content=\"Bubble Emotion\" \/>\n<meta property=\"article:modified_time\" content=\"2021-10-11T15:46:19+00:00\" \/>\n<meta name=\"twitter:card\" content=\"summary_large_image\" \/>\n<meta name=\"twitter:label1\" content=\"Est. reading time\" \/>\n\t<meta name=\"twitter:data1\" content=\"1 minute\" \/>\n<script type=\"application\/ld+json\" class=\"yoast-schema-graph\">{\"@context\":\"https:\/\/schema.org\",\"@graph\":[{\"@type\":\"WebPage\",\"@id\":\"https:\/\/bubbleemotion.com\/regolamento-concorso\/\",\"url\":\"https:\/\/bubbleemotion.com\/regolamento-concorso\/\",\"name\":\"Regolamento Concorso - Bubble Emotion\",\"isPartOf\":{\"@id\":\"https:\/\/bubbleemotion.com\/#website\"},\"datePublished\":\"2021-10-04T18:13:20+00:00\",\"dateModified\":\"2021-10-11T15:46:19+00:00\",\"breadcrumb\":{\"@id\":\"https:\/\/bubbleemotion.com\/regolamento-concorso\/#breadcrumb\"},\"inLanguage\":\"en-US\",\"potentialAction\":[{\"@type\":\"ReadAction\",\"target\":[\"https:\/\/bubbleemotion.com\/regolamento-concorso\/\"]}]},{\"@type\":\"BreadcrumbList\",\"@id\":\"https:\/\/bubbleemotion.com\/regolamento-concorso\/#breadcrumb\",\"itemListElement\":[{\"@type\":\"ListItem\",\"position\":1,\"name\":\"Home\",\"item\":\"https:\/\/bubbleemotion.com\/\"},{\"@type\":\"ListItem\",\"position\":2,\"name\":\"Regolamento Concorso\"}]},{\"@type\":\"WebSite\",\"@id\":\"https:\/\/bubbleemotion.com\/#website\",\"url\":\"https:\/\/bubbleemotion.com\/\",\"name\":\"Bubble Emotion\",\"description\":\"Un ricordo che dura per sempre\",\"publisher\":{\"@id\":\"https:\/\/bubbleemotion.com\/#organization\"},\"potentialAction\":[{\"@type\":\"SearchAction\",\"target\":{\"@type\":\"EntryPoint\",\"urlTemplate\":\"https:\/\/bubbleemotion.com\/?s={search_term_string}\"},\"query-input\":{\"@type\":\"PropertyValueSpecification\",\"valueRequired\":true,\"valueName\":\"search_term_string\"}}],\"inLanguage\":\"en-US\"},{\"@type\":\"Organization\",\"@id\":\"https:\/\/bubbleemotion.com\/#organization\",\"name\":\"Bubble Emotion\",\"url\":\"https:\/\/bubbleemotion.com\/\",\"logo\":{\"@type\":\"ImageObject\",\"inLanguage\":\"en-US\",\"@id\":\"https:\/\/bubbleemotion.com\/#\/schema\/logo\/image\/\",\"url\":\"https:\/\/bubbleemotion.com\/wp-content\/uploads\/2021\/04\/android-chrome-512x512-1.png\",\"contentUrl\":\"https:\/\/bubbleemotion.com\/wp-content\/uploads\/2021\/04\/android-chrome-512x512-1.png\",\"width\":512,\"height\":512,\"caption\":\"Bubble Emotion\"},\"image\":{\"@id\":\"https:\/\/bubbleemotion.com\/#\/schema\/logo\/image\/\"}}]}<\/script>\n<!-- \/ Yoast SEO plugin. -->","yoast_head_json":{"title":"Regolamento Concorso - Bubble Emotion","robots":{"index":"index","follow":"follow","max-snippet":"max-snippet:-1","max-image-preview":"max-image-preview:large","max-video-preview":"max-video-preview:-1"},"canonical":"https:\/\/bubbleemotion.com\/regolamento-concorso\/","og_locale":"en_US","og_type":"article","og_title":"Regolamento Concorso - Bubble Emotion","og_description":"Regolamento Concorso Vinci una notte sotto le stelle Partecipa subito! Regolamento 1. PARTECIPANTIAl Concorso possono prendere parte solo le persone che hanno messo \u2018\u2019FOLLOW\u2019\u2019 alla pagina Instagram di BUBBLE EMOTION.2. DURATALa durata del concorso \u00e8 fino al 31 Ottobre 2021.3. &hellip; Read More","og_url":"https:\/\/bubbleemotion.com\/regolamento-concorso\/","og_site_name":"Bubble Emotion","article_modified_time":"2021-10-11T15:46:19+00:00","twitter_card":"summary_large_image","twitter_misc":{"Est. reading time":"1 minute"},"schema":{"@context":"https:\/\/schema.org","@graph":[{"@type":"WebPage","@id":"https:\/\/bubbleemotion.com\/regolamento-concorso\/","url":"https:\/\/bubbleemotion.com\/regolamento-concorso\/","name":"Regolamento Concorso - Bubble Emotion","isPartOf":{"@id":"https:\/\/bubbleemotion.com\/#website"},"datePublished":"2021-10-04T18:13:20+00:00","dateModified":"2021-10-11T15:46:19+00:00","breadcrumb":{"@id":"https:\/\/bubbleemotion.com\/regolamento-concorso\/#breadcrumb"},"inLanguage":"en-US","potentialAction":[{"@type":"ReadAction","target":["https:\/\/bubbleemotion.com\/regolamento-concorso\/"]}]},{"@type":"BreadcrumbList","@id":"https:\/\/bubbleemotion.com\/regolamento-concorso\/#breadcrumb","itemListElement":[{"@type":"ListItem","position":1,"name":"Home","item":"https:\/\/bubbleemotion.com\/"},{"@type":"ListItem","position":2,"name":"Regolamento Concorso"}]},{"@type":"WebSite","@id":"https:\/\/bubbleemotion.com\/#website","url":"https:\/\/bubbleemotion.com\/","name":"Bubble Emotion","description":"Un ricordo che dura per sempre","publisher":{"@id":"https:\/\/bubbleemotion.com\/#organization"},"potentialAction":[{"@type":"SearchAction","target":{"@type":"EntryPoint","urlTemplate":"https:\/\/bubbleemotion.com\/?s={search_term_string}"},"query-input":{"@type":"PropertyValueSpecification","valueRequired":true,"valueName":"search_term_string"}}],"inLanguage":"en-US"},{"@type":"Organization","@id":"https:\/\/bubbleemotion.com\/#organization","name":"Bubble Emotion","url":"https:\/\/bubbleemotion.com\/","logo":{"@type":"ImageObject","inLanguage":"en-US","@id":"https:\/\/bubbleemotion.com\/#\/schema\/logo\/image\/","url":"https:\/\/bubbleemotion.com\/wp-content\/uploads\/2021\/04\/android-chrome-512x512-1.png","contentUrl":"https:\/\/bubbleemotion.com\/wp-content\/uploads\/2021\/04\/android-chrome-512x512-1.png","width":512,"height":512,"caption":"Bubble Emotion"},"image":{"@id":"https:\/\/bubbleemotion.com\/#\/schema\/logo\/image\/"}}]}},"_links":{"self":[{"href":"https:\/\/bubbleemotion.com\/en\/wp-json\/wp\/v2\/pages\/1079","targetHints":{"allow":["GET"]}}],"collection":[{"href":"https:\/\/bubbleemotion.com\/en\/wp-json\/wp\/v2\/pages"}],"about":[{"href":"https:\/\/bubbleemotion.com\/en\/wp-json\/wp\/v2\/types\/page"}],"author":[{"embeddable":true,"href":"https:\/\/bubbleemotion.com\/en\/wp-json\/wp\/v2\/users\/1"}],"replies":[{"embeddable":true,"href":"https:\/\/bubbleemotion.com\/en\/wp-json\/wp\/v2\/comments?post=1079"}],"version-history":[{"count":12,"href":"https:\/\/bubbleemotion.com\/en\/wp-json\/wp\/v2\/pages\/1079\/revisions"}],"predecessor-version":[{"id":1100,"href":"https:\/\/bubbleemotion.com\/en\/wp-json\/wp\/v2\/pages\/1079\/revisions\/1100"}],"wp:attachment":[{"href":"https:\/\/bubbleemotion.com\/en\/wp-json\/wp\/v2\/media?parent=1079"}],"curies":[{"name":"wp","href":"https:\/\/api.w.org\/{rel}","templated":true}]}}